{"id":4131,"date":"2023-05-07T14:38:11","date_gmt":"2023-05-07T07:38:11","guid":{"rendered":"https:\/\/lqltd.com\/ve-chung-toi\/"},"modified":"2025-12-30T14:54:33","modified_gmt":"2025-12-30T07:54:33","slug":"ve-chung-toi","status":"publish","type":"page","link":"https:\/\/lqltd.com\/vi\/ve-chung-toi\/","title":{"rendered":"V\u1ec0 CH\u00daNG T\u00d4I"},"content":{"rendered":"","protected":false},"excerpt":{"rendered":"","protected":false},"author":1,"featured_media":0,"parent":0,"menu_order":0,"comment_status":"closed","ping_status":"closed","template":"templates\/about.php","meta":{"footnotes":""},"class_list":["post-4131","page","type-page","status-publish","hentry"],"acf":[],"yoast_head":"<!-- This site is optimized with the Yoast SEO plugin v21.2 - https:\/\/yoast.com\/wordpress\/plugins\/seo\/ -->\n<title>V\u1ec0 CH\u00daNG T\u00d4I - La Quinta<\/title>\n<meta name=\"description\" content=\"Ch\u00e0o m\u1eebng b\u1ea1n \u0111\u1ebfn t\u1edbi C\u00f4ng ty B\u1ea5t \u0111\u1ed9ng s\u1ea3n Qu\u1ed1c t\u1ebf La Quinta! T\u1ecda l\u1ea1c t\u1ea1i trung t\u00e2m Th\u00e0nh ph\u1ed1 H\u1ed3 Ch\u00ed Minh, ch\u00fang t\u00f4i cung c\u1ea5p gi\u1ea3i ph\u00e1p \u0111\u1ea7u t\u01b0 tr\u1ecdn g\u00f3i cho nh\u00e0 \u0111\u1ea7u t\u01b0 n\u01b0\u1edbc ngo\u00e0i \u0111ang t\u00ecm ki\u1ebfm c\u01a1 h\u1ed9i sinh l\u1eddi t\u1ea1i th\u1ecb tr\u01b0\u1eddng b\u1ea5t \u0111\u1ed9ng s\u1ea3n Vi\u1ec7t Nam.\" \/>\n<meta name=\"robots\" content=\"index, follow, max-snippet:-1, max-image-preview:large, max-video-preview:-1\" \/>\n<link rel=\"canonical\" href=\"https:\/\/lqltd.com\/vi\/ve-chung-toi\/\" \/>\n<meta property=\"og:locale\" content=\"vi_VN\" \/>\n<meta property=\"og:type\" content=\"article\" \/>\n<meta property=\"og:title\" content=\"V\u1ec0 CH\u00daNG T\u00d4I - La Quinta\" \/>\n<meta property=\"og:description\" content=\"Ch\u00e0o m\u1eebng b\u1ea1n \u0111\u1ebfn t\u1edbi C\u00f4ng ty B\u1ea5t \u0111\u1ed9ng s\u1ea3n Qu\u1ed1c t\u1ebf La Quinta! T\u1ecda l\u1ea1c t\u1ea1i trung t\u00e2m Th\u00e0nh ph\u1ed1 H\u1ed3 Ch\u00ed Minh, ch\u00fang t\u00f4i cung c\u1ea5p gi\u1ea3i ph\u00e1p \u0111\u1ea7u t\u01b0 tr\u1ecdn g\u00f3i cho nh\u00e0 \u0111\u1ea7u t\u01b0 n\u01b0\u1edbc ngo\u00e0i \u0111ang t\u00ecm ki\u1ebfm c\u01a1 h\u1ed9i sinh l\u1eddi t\u1ea1i th\u1ecb tr\u01b0\u1eddng b\u1ea5t \u0111\u1ed9ng s\u1ea3n Vi\u1ec7t Nam.\" \/>\n<meta property=\"og:url\" content=\"https:\/\/lqltd.com\/vi\/ve-chung-toi\/\" \/>\n<meta property=\"og:site_name\" content=\"La Quinta\" \/>\n<meta property=\"article:modified_time\" content=\"2025-12-30T07:54:33+00:00\" \/>\n<meta name=\"twitter:card\" content=\"summary_large_image\" \/>\n<script type=\"application\/ld+json\" class=\"yoast-schema-graph\">{\"@context\":\"https:\/\/schema.org\",\"@graph\":[{\"@type\":\"WebPage\",\"@id\":\"https:\/\/lqltd.com\/vi\/ve-chung-toi\/\",\"url\":\"https:\/\/lqltd.com\/vi\/ve-chung-toi\/\",\"name\":\"V\u1ec0 CH\u00daNG T\u00d4I - La Quinta\",\"isPartOf\":{\"@id\":\"https:\/\/lqltd.com\/#website\"},\"datePublished\":\"2023-05-07T07:38:11+00:00\",\"dateModified\":\"2025-12-30T07:54:33+00:00\",\"description\":\"Ch\u00e0o m\u1eebng b\u1ea1n \u0111\u1ebfn t\u1edbi C\u00f4ng ty B\u1ea5t \u0111\u1ed9ng s\u1ea3n Qu\u1ed1c t\u1ebf La Quinta! T\u1ecda l\u1ea1c t\u1ea1i trung t\u00e2m Th\u00e0nh ph\u1ed1 H\u1ed3 Ch\u00ed Minh, ch\u00fang t\u00f4i cung c\u1ea5p gi\u1ea3i ph\u00e1p \u0111\u1ea7u t\u01b0 tr\u1ecdn g\u00f3i cho nh\u00e0 \u0111\u1ea7u t\u01b0 n\u01b0\u1edbc ngo\u00e0i \u0111ang t\u00ecm ki\u1ebfm c\u01a1 h\u1ed9i sinh l\u1eddi t\u1ea1i th\u1ecb tr\u01b0\u1eddng b\u1ea5t \u0111\u1ed9ng s\u1ea3n Vi\u1ec7t Nam.\",\"breadcrumb\":{\"@id\":\"https:\/\/lqltd.com\/vi\/ve-chung-toi\/#breadcrumb\"},\"inLanguage\":\"vi-VN\",\"potentialAction\":[{\"@type\":\"ReadAction\",\"target\":[\"https:\/\/lqltd.com\/vi\/ve-chung-toi\/\"]}]},{\"@type\":\"BreadcrumbList\",\"@id\":\"https:\/\/lqltd.com\/vi\/ve-chung-toi\/#breadcrumb\",\"itemListElement\":[{\"@type\":\"ListItem\",\"position\":1,\"name\":\"Home\",\"item\":\"https:\/\/lqltd.com\/vi\/\"},{\"@type\":\"ListItem\",\"position\":2,\"name\":\"V\u1ec0 CH\u00daNG T\u00d4I\"}]},{\"@type\":\"WebSite\",\"@id\":\"https:\/\/lqltd.com\/#website\",\"url\":\"https:\/\/lqltd.com\/\",\"name\":\"La Quinta\",\"description\":\"International Real Estate in Vietnam\",\"potentialAction\":[{\"@type\":\"SearchAction\",\"target\":{\"@type\":\"EntryPoint\",\"urlTemplate\":\"https:\/\/lqltd.com\/?s={search_term_string}\"},\"query-input\":\"required name=search_term_string\"}],\"inLanguage\":\"vi-VN\"}]}<\/script>\n<!-- \/ Yoast SEO plugin. -->","yoast_head_json":{"title":"V\u1ec0 CH\u00daNG T\u00d4I - La Quinta","description":"Ch\u00e0o m\u1eebng b\u1ea1n \u0111\u1ebfn t\u1edbi C\u00f4ng ty B\u1ea5t \u0111\u1ed9ng s\u1ea3n Qu\u1ed1c t\u1ebf La Quinta! T\u1ecda l\u1ea1c t\u1ea1i trung t\u00e2m Th\u00e0nh ph\u1ed1 H\u1ed3 Ch\u00ed Minh, ch\u00fang t\u00f4i cung c\u1ea5p gi\u1ea3i ph\u00e1p \u0111\u1ea7u t\u01b0 tr\u1ecdn g\u00f3i cho nh\u00e0 \u0111\u1ea7u t\u01b0 n\u01b0\u1edbc ngo\u00e0i \u0111ang t\u00ecm ki\u1ebfm c\u01a1 h\u1ed9i sinh l\u1eddi t\u1ea1i th\u1ecb tr\u01b0\u1eddng b\u1ea5t \u0111\u1ed9ng s\u1ea3n Vi\u1ec7t Nam.","robots":{"index":"index","follow":"follow","max-snippet":"max-snippet:-1","max-image-preview":"max-image-preview:large","max-video-preview":"max-video-preview:-1"},"canonical":"https:\/\/lqltd.com\/vi\/ve-chung-toi\/","og_locale":"vi_VN","og_type":"article","og_title":"V\u1ec0 CH\u00daNG T\u00d4I - La Quinta","og_description":"Ch\u00e0o m\u1eebng b\u1ea1n \u0111\u1ebfn t\u1edbi C\u00f4ng ty B\u1ea5t \u0111\u1ed9ng s\u1ea3n Qu\u1ed1c t\u1ebf La Quinta! T\u1ecda l\u1ea1c t\u1ea1i trung t\u00e2m Th\u00e0nh ph\u1ed1 H\u1ed3 Ch\u00ed Minh, ch\u00fang t\u00f4i cung c\u1ea5p gi\u1ea3i ph\u00e1p \u0111\u1ea7u t\u01b0 tr\u1ecdn g\u00f3i cho nh\u00e0 \u0111\u1ea7u t\u01b0 n\u01b0\u1edbc ngo\u00e0i \u0111ang t\u00ecm ki\u1ebfm c\u01a1 h\u1ed9i sinh l\u1eddi t\u1ea1i th\u1ecb tr\u01b0\u1eddng b\u1ea5t \u0111\u1ed9ng s\u1ea3n Vi\u1ec7t Nam.","og_url":"https:\/\/lqltd.com\/vi\/ve-chung-toi\/","og_site_name":"La Quinta","article_modified_time":"2025-12-30T07:54:33+00:00","twitter_card":"summary_large_image","schema":{"@context":"https:\/\/schema.org","@graph":[{"@type":"WebPage","@id":"https:\/\/lqltd.com\/vi\/ve-chung-toi\/","url":"https:\/\/lqltd.com\/vi\/ve-chung-toi\/","name":"V\u1ec0 CH\u00daNG T\u00d4I - La Quinta","isPartOf":{"@id":"https:\/\/lqltd.com\/#website"},"datePublished":"2023-05-07T07:38:11+00:00","dateModified":"2025-12-30T07:54:33+00:00","description":"Ch\u00e0o m\u1eebng b\u1ea1n \u0111\u1ebfn t\u1edbi C\u00f4ng ty B\u1ea5t \u0111\u1ed9ng s\u1ea3n Qu\u1ed1c t\u1ebf La Quinta! T\u1ecda l\u1ea1c t\u1ea1i trung t\u00e2m Th\u00e0nh ph\u1ed1 H\u1ed3 Ch\u00ed Minh, ch\u00fang t\u00f4i cung c\u1ea5p gi\u1ea3i ph\u00e1p \u0111\u1ea7u t\u01b0 tr\u1ecdn g\u00f3i cho nh\u00e0 \u0111\u1ea7u t\u01b0 n\u01b0\u1edbc ngo\u00e0i \u0111ang t\u00ecm ki\u1ebfm c\u01a1 h\u1ed9i sinh l\u1eddi t\u1ea1i th\u1ecb tr\u01b0\u1eddng b\u1ea5t \u0111\u1ed9ng s\u1ea3n Vi\u1ec7t Nam.","breadcrumb":{"@id":"https:\/\/lqltd.com\/vi\/ve-chung-toi\/#breadcrumb"},"inLanguage":"vi-VN","potentialAction":[{"@type":"ReadAction","target":["https:\/\/lqltd.com\/vi\/ve-chung-toi\/"]}]},{"@type":"BreadcrumbList","@id":"https:\/\/lqltd.com\/vi\/ve-chung-toi\/#breadcrumb","itemListElement":[{"@type":"ListItem","position":1,"name":"Home","item":"https:\/\/lqltd.com\/vi\/"},{"@type":"ListItem","position":2,"name":"V\u1ec0 CH\u00daNG T\u00d4I"}]},{"@type":"WebSite","@id":"https:\/\/lqltd.com\/#website","url":"https:\/\/lqltd.com\/","name":"La Quinta","description":"International Real Estate in Vietnam","potentialAction":[{"@type":"SearchAction","target":{"@type":"EntryPoint","urlTemplate":"https:\/\/lqltd.com\/?s={search_term_string}"},"query-input":"required name=search_term_string"}],"inLanguage":"vi-VN"}]}},"_links":{"self":[{"href":"https:\/\/lqltd.com\/vi\/wp-json\/wp\/v2\/pages\/4131","targetHints":{"allow":["GET"]}}],"collection":[{"href":"https:\/\/lqltd.com\/vi\/wp-json\/wp\/v2\/pages"}],"about":[{"href":"https:\/\/lqltd.com\/vi\/wp-json\/wp\/v2\/types\/page"}],"author":[{"embeddable":true,"href":"https:\/\/lqltd.com\/vi\/wp-json\/wp\/v2\/users\/1"}],"replies":[{"embeddable":true,"href":"https:\/\/lqltd.com\/vi\/wp-json\/wp\/v2\/comments?post=4131"}],"version-history":[{"count":5,"href":"https:\/\/lqltd.com\/vi\/wp-json\/wp\/v2\/pages\/4131\/revisions"}],"predecessor-version":[{"id":5512,"href":"https:\/\/lqltd.com\/vi\/wp-json\/wp\/v2\/pages\/4131\/revisions\/5512"}],"wp:attachment":[{"href":"https:\/\/lqltd.com\/vi\/wp-json\/wp\/v2\/media?parent=4131"}],"curies":[{"name":"wp","href":"https:\/\/api.w.org\/{rel}","templated":true}]}}